{"id":598,"date":"2025-07-22T12:55:24","date_gmt":"2025-07-22T10:55:24","guid":{"rendered":"https:\/\/mehrzusammen.de\/?page_id=598"},"modified":"2025-07-22T12:55:24","modified_gmt":"2025-07-22T10:55:24","slug":"wir-sind-gemeinnuetzig","status":"publish","type":"page","link":"https:\/\/mehrzusammen.de\/?page_id=598","title":{"rendered":"Wir sind gemeinn\u00fctzig!"},"content":{"rendered":"\n<p>Ja, wir sind seit 2023 gemeinn\u00fctzig als Mehr Zusammen gUG.<\/p>\n\n\n\n<p>Der Zweck der Gesellschaft ist die F\u00f6rderung der Kunst und Kultur, die F\u00f6rderung der Jugend- und Altenhilfe, die F\u00f6rderung des Wohlfahrtswesens, die F\u00f6rderung der Volks- und Berufsbildung einschlie\u00dflich der Studentenhilfe, die F\u00f6rderung der Mildt\u00e4tigkeit, die F\u00f6rderung der Ortsversch\u00f6nerung, die F\u00f6rderung des b\u00fcrgerschaftlichen Engagements zugunsten der vorgenannten steuerbeg\u00fcnstigten Zwecke sowie die Mittelbeschaffung f\u00fcr die Verwirklichung dieser steuerbeg\u00fcnstigten Zwecke durch andere steuerbeg\u00fcnstigte K\u00f6rperschaften und K\u00f6rperschaften des \u00f6ffentlichen Rechts.<\/p>\n\n\n\n<p>Der Gesellschaftszweck wird verwirklicht insbesondere duch<\/p>\n\n\n\n<p>Die Ausrichtung und F\u00f6rderung von Aktivit\u00e4ten, die sich an alleinstehende, alleinerziehende, \u00e4ltere, hilfsbed\u00fcrftige, notleidende oder gef\u00e4hrdete Menschen richtet und geeignet sind zur St\u00e4rkung und F\u00f6rderung der \u00f6rtlichen Gemeinschaft und der Vereinsamung \u00e4lterer, hilfebed\u00fcrftiger, notleidender oder gef\u00e4hrdeter Menschen entgegenzuwirken. <\/p>\n\n\n\n<p>Zudem die Gew\u00e4hrung von finanzieller Unterst\u00fctzung sowie Sachmitteln an hilfebed\u00fcrftige, notleidende oder gef\u00e4hrdete Menschen.<\/p>\n\n\n\n<p>Wir sind eingetragen unter HRB 183 163 beim Amtsgericht Hamburg<\/p>\n\n\n\n<p>Finanzamt Hamburg &#8211; Nord, Steuernummer 17\/451\/11455<\/p>\n","protected":false},"excerpt":{"rendered":"<p>Ja, wir sind seit 2023 gemeinn\u00fctzig als Mehr Zusammen gUG. Der Zweck der Gesellschaft ist die F\u00f6rderung der Kunst und Kultur, die F\u00f6rderung der Jugend- und Altenhilfe, die F\u00f6rderung des Wohlfahrtswesens, die F\u00f6rderung der Volks- und Berufsbildung einschlie\u00dflich der Studentenhilfe, die F\u00f6rderung der Mildt\u00e4tigkeit, die F\u00f6rderung der Ortsversch\u00f6nerung, die F\u00f6rderung des b\u00fcrgerschaftlichen Engagements zugunsten der&#8230;<\/p>\n","protected":false},"author":1,"featured_media":0,"parent":0,"menu_order":0,"comment_status":"closed","ping_status":"closed","template":"","meta":{"_kadence_starter_templates_imported_post":false,"_kad_post_transparent":"","_kad_post_title":"","_kad_post_layout":"","_kad_post_sidebar_id":"","_kad_post_content_style":"","_kad_post_vertical_padding":"","_kad_post_feature":"","_kad_post_feature_position":"","_kad_post_header":false,"_kad_post_footer":false,"footnotes":""},"class_list":["post-598","page","type-page","status-publish","hentry"],"_links":{"self":[{"href":"https:\/\/mehrzusammen.de\/index.php?rest_route=\/wp\/v2\/pages\/598","targetHints":{"allow":["GET"]}}],"collection":[{"href":"https:\/\/mehrzusammen.de\/index.php?rest_route=\/wp\/v2\/pages"}],"about":[{"href":"https:\/\/mehrzusammen.de\/index.php?rest_route=\/wp\/v2\/types\/page"}],"author":[{"embeddable":true,"href":"https:\/\/mehrzusammen.de\/index.php?rest_route=\/wp\/v2\/users\/1"}],"replies":[{"embeddable":true,"href":"https:\/\/mehrzusammen.de\/index.php?rest_route=%2Fwp%2Fv2%2Fcomments&post=598"}],"version-history":[{"count":1,"href":"https:\/\/mehrzusammen.de\/index.php?rest_route=\/wp\/v2\/pages\/598\/revisions"}],"predecessor-version":[{"id":599,"href":"https:\/\/mehrzusammen.de\/index.php?rest_route=\/wp\/v2\/pages\/598\/revisions\/599"}],"wp:attachment":[{"href":"https:\/\/mehrzusammen.de\/index.php?rest_route=%2Fwp%2Fv2%2Fmedia&parent=598"}],"curies":[{"name":"wp","href":"https:\/\/api.w.org\/{rel}","templated":true}]}}