{"id":496,"date":"2025-02-14T11:45:33","date_gmt":"2025-02-14T10:45:33","guid":{"rendered":"https:\/\/mehrzusammen.de\/?page_id=496"},"modified":"2026-02-12T11:22:25","modified_gmt":"2026-02-12T10:22:25","slug":"veranstaltungen-2025","status":"publish","type":"page","link":"https:\/\/mehrzusammen.de\/?page_id=496","title":{"rendered":"VERANSTALTUNGEN 2026"},"content":{"rendered":"\n<p>Hier findest du eine \u00dcbersicht \u00fcber unsere kommenden Veranstaltungen und die Anmeldem\u00f6glichkeiten. Ihr k\u00f6nnt euch anmelden, erst nach Anmeldebest\u00e4tigung durch Nussin ist eure Teilnahme best\u00e4tigt. Sollten sich mehr Anmeldungen als verf\u00fcgbare Pl\u00e4tze m\u00f6glich sein, losen wir aus. <\/p>\n\n\n\n<h2 class=\"wp-block-heading\"><strong>Kommende Veranstaltungen 2026:<\/strong><\/h2>\n\n\n\n<p>05. April 2026: Ostern nicht allein &#8211; Anmelden <a href=\"https:\/\/mehrzusammen.de\/?p=730\"><strong>hier<\/strong><\/a> (Anmeldung bis 20. M\u00e4rz 2026 \/ 23:59 Uhr!)<\/p>\n\n\n\n<p>23. Mai 2026: Kreativ &#8211; und Bastelnachmittag &#8211; Anmeldelink ab 05. April<\/p>\n\n\n\n<p>20. Juni 2026: Empowerment Workshop mit \u00dcberraschungscoach &#8211; Anmeldelink ab 01. Mai<\/p>\n\n\n\n<p>18. Juli 2026: Sommerfest Mehr Zusammen &#8211; mit Basteln und Spielen f\u00fcr Klein und Gro\u00df &#8211; Anmeldelink ab 01. Juni<\/p>\n\n\n\n<p>15. August 2026: Kleidertausch &#8211; Bring 3 Teile, tausche gegen 3 Teile, <strong>ohne Anmeldung!<\/strong> Einfach im Teepavillon vorbei schauen<\/p>\n\n\n\n<p>30. August 2026: Impro Workshop mit Dipl.- Psychologin Diana Becker, begrenzte Teilnahme, Anmeldungen hier <\/p>\n\n\n<style id=\"wpforms-css-vars-491\">\n\t\t\t\t#wpforms-491 {\n\t\t\t\t--wpforms-container-padding: 0px;\n--wpforms-container-border-width: 1px;\n--wpforms-container-border-radius: 3px;\n--wpforms-background-color: rgba(0, 0, 0, 0);\n--wpforms-field-size-input-height: 43px;\n--wpforms-field-size-input-spacing: 15px;\n--wpforms-field-size-font-size: 16px;\n--wpforms-field-size-line-height: 19px;\n--wpforms-field-size-padding-h: 14px;\n--wpforms-field-size-checkbox-size: 16px;\n--wpforms-field-size-sublabel-spacing: 5px;\n--wpforms-field-size-icon-size: 1;\n--wpforms-label-size-font-size: 16px;\n--wpforms-label-size-line-height: 19px;\n--wpforms-label-size-sublabel-font-size: 14px;\n--wpforms-label-size-sublabel-line-height: 17px;\n--wpforms-button-size-font-size: 17px;\n--wpforms-button-size-height: 41px;\n--wpforms-button-size-padding-h: 15px;\n--wpforms-button-size-margin-top: 10px;\n--wpforms-container-shadow-size-box-shadow: none;\n\t\t\t}\n\t\t\t<\/style><div class=\"wpforms-container wpforms-container-full wpforms-render-modern\" id=\"wpforms-491\"><form id=\"wpforms-form-491\" class=\"wpforms-validate wpforms-form wpforms-ajax-form\" data-formid=\"491\" method=\"post\" enctype=\"multipart\/form-data\" action=\"\/index.php?rest_route=%2Fwp%2Fv2%2Fpages%2F496\" data-token=\"a6509b248dc82d946d526a83b8ffa9e3\" data-token-time=\"1776377825\"><noscript class=\"wpforms-error-noscript\">Bitte aktiviere JavaScript in deinem Browser, um dieses Formular fertigzustellen.<\/noscript><div id=\"wpforms-error-noscript\" style=\"display: none;\">Bitte aktiviere JavaScript in deinem Browser, um dieses Formular fertigzustellen.<\/div><div class=\"wpforms-field-container\"><div id=\"wpforms-491-field_2-container\" class=\"wpforms-field wpforms-field-name\" data-field-id=\"2\"><fieldset><legend class=\"wpforms-field-label\">Name <span class=\"wpforms-required-label\" aria-hidden=\"true\">*<\/span><\/legend><div class=\"wpforms-field-row wpforms-field-medium\"><div class=\"wpforms-field-row-block wpforms-first wpforms-one-half\"><input type=\"text\" id=\"wpforms-491-field_2\" class=\"wpforms-field-name-first wpforms-field-required\" name=\"wpforms[fields][2][first]\" aria-errormessage=\"wpforms-491-field_2-error\" required><label for=\"wpforms-491-field_2\" class=\"wpforms-field-sublabel after\">Vorname<\/label><\/div><div class=\"wpforms-field-row-block wpforms-one-half\"><input type=\"text\" id=\"wpforms-491-field_2-last\" class=\"wpforms-field-name-last wpforms-field-required\" name=\"wpforms[fields][2][last]\" aria-errormessage=\"wpforms-491-field_2-last-error\" required><label for=\"wpforms-491-field_2-last\" class=\"wpforms-field-sublabel after\">Nachname<\/label><\/div><\/div><\/fieldset><\/div><div id=\"wpforms-491-field_5-container\" class=\"wpforms-field wpforms-field-number\" data-field-id=\"5\"><label class=\"wpforms-field-label\" for=\"wpforms-491-field_5\">Alter<\/label><input type=\"number\" id=\"wpforms-491-field_5\" class=\"wpforms-field-medium\" name=\"wpforms[fields][5]\" step=\"any\" aria-errormessage=\"wpforms-491-field_5-error\" ><\/div>\t\t<div id=\"wpforms-491-field_3-container\"\n\t\t\tclass=\"wpforms-field wpforms-field-text\"\n\t\t\tdata-field-type=\"text\"\n\t\t\tdata-field-id=\"3\"\n\t\t\t>\n\t\t\t<label class=\"wpforms-field-label\" for=\"wpforms-491-field_3\" >melde Anmerkungen: <\/label>\n\t\t\t<input type=\"text\" id=\"wpforms-491-field_3\" class=\"wpforms-field-medium\" name=\"wpforms[fields][3]\" >\n\t\t<\/div>\n\t\t<div id=\"wpforms-491-field_6-container\" class=\"wpforms-field wpforms-field-checkbox\" data-field-id=\"6\"><fieldset><legend class=\"wpforms-field-label\">Ich melde mich an f\u00fcr: <\/legend><ul id=\"wpforms-491-field_6\"><li class=\"choice-1 depth-1\"><input type=\"checkbox\" id=\"wpforms-491-field_6_1\" name=\"wpforms[fields][6][]\" value=\"23. Mai: Bastel- und Kreativnachmittag 2026\" aria-errormessage=\"wpforms-491-field_6_1-error\"  ><label class=\"wpforms-field-label-inline\" for=\"wpforms-491-field_6_1\">23. Mai: Bastel- und Kreativnachmittag 2026<\/label><\/li><li class=\"choice-2 depth-1\"><input type=\"checkbox\" id=\"wpforms-491-field_6_2\" name=\"wpforms[fields][6][]\" value=\"20. Juni: Empowerment Workshop - nur f\u00fcr Erwachsene!\" aria-errormessage=\"wpforms-491-field_6_2-error\"  ><label class=\"wpforms-field-label-inline\" for=\"wpforms-491-field_6_2\">20. Juni: Empowerment Workshop - nur f\u00fcr Erwachsene!<\/label><\/li><li class=\"choice-3 depth-1\"><input type=\"checkbox\" id=\"wpforms-491-field_6_3\" name=\"wpforms[fields][6][]\" value=\"18. Juli: Sommerfest Mehr Zusammen\" aria-errormessage=\"wpforms-491-field_6_3-error\"  ><label class=\"wpforms-field-label-inline\" for=\"wpforms-491-field_6_3\">18. Juli: Sommerfest Mehr Zusammen<\/label><\/li><li class=\"choice-4 depth-1\"><input type=\"checkbox\" id=\"wpforms-491-field_6_4\" name=\"wpforms[fields][6][]\" value=\"30. August: Empowerment mit Diana Becker - nur f\u00fcr Erwachsene!\" aria-errormessage=\"wpforms-491-field_6_4-error\"  ><label class=\"wpforms-field-label-inline\" for=\"wpforms-491-field_6_4\">30. August: Empowerment mit Diana Becker - nur f\u00fcr Erwachsene!<\/label><\/li><\/ul><\/fieldset><\/div><div id=\"wpforms-491-field_1-container\" class=\"wpforms-field wpforms-field-email\" data-field-id=\"1\"><label class=\"wpforms-field-label\" for=\"wpforms-491-field_1\">E-Mail-Adresse <span class=\"wpforms-required-label\" aria-hidden=\"true\">*<\/span><\/label><input type=\"email\" id=\"wpforms-491-field_1\" class=\"wpforms-field-medium wpforms-field-required\" name=\"wpforms[fields][1]\" spellcheck=\"false\" aria-errormessage=\"wpforms-491-field_1-error\" required><\/div><div id=\"wpforms-491-field_9-container\" class=\"wpforms-field wpforms-field-number\" data-field-id=\"9\"><label class=\"wpforms-field-label\" for=\"wpforms-491-field_9\">Handy-Nr.  <span class=\"wpforms-required-label\" aria-hidden=\"true\">*<\/span><\/label><input type=\"number\" id=\"wpforms-491-field_9\" class=\"wpforms-field-medium wpforms-field-required\" name=\"wpforms[fields][9]\" step=\"any\" aria-errormessage=\"wpforms-491-field_9-error\" required><\/div><div id=\"wpforms-491-field_7-container\" class=\"wpforms-field wpforms-field-checkbox\" data-field-id=\"7\"><fieldset><legend class=\"wpforms-field-label\">Ich melde mich mit Kindern an:<\/legend><ul id=\"wpforms-491-field_7\"><li class=\"choice-1 depth-1\"><input type=\"checkbox\" id=\"wpforms-491-field_7_1\" name=\"wpforms[fields][7][]\" value=\"1 Kind\" aria-errormessage=\"wpforms-491-field_7_1-error\"  ><label class=\"wpforms-field-label-inline\" for=\"wpforms-491-field_7_1\">1 Kind<\/label><\/li><li class=\"choice-2 depth-1\"><input type=\"checkbox\" id=\"wpforms-491-field_7_2\" name=\"wpforms[fields][7][]\" value=\"2 Kinder\" aria-errormessage=\"wpforms-491-field_7_2-error\"  ><label class=\"wpforms-field-label-inline\" for=\"wpforms-491-field_7_2\">2 Kinder<\/label><\/li><li class=\"choice-3 depth-1\"><input type=\"checkbox\" id=\"wpforms-491-field_7_3\" name=\"wpforms[fields][7][]\" value=\"Mehr als 2 Kinder\" aria-errormessage=\"wpforms-491-field_7_3-error\"  ><label class=\"wpforms-field-label-inline\" for=\"wpforms-491-field_7_3\">Mehr als 2 Kinder<\/label><\/li><\/ul><\/fieldset><\/div><div id=\"wpforms-491-field_8-container\" class=\"wpforms-field wpforms-field-textarea\" data-field-id=\"8\"><label class=\"wpforms-field-label\" for=\"wpforms-491-field_8\">Name &amp; Alter der Kinder<\/label><textarea id=\"wpforms-491-field_8\" class=\"wpforms-field-medium\" name=\"wpforms[fields][8]\" aria-errormessage=\"wpforms-491-field_8-error\" ><\/textarea><\/div><div id=\"wpforms-491-field_12-container\" class=\"wpforms-field wpforms-field-text\" data-field-id=\"12\"><label class=\"wpforms-field-label\" for=\"wpforms-491-field_12\">Meine Anmerkungen: <\/label><input type=\"text\" id=\"wpforms-491-field_12\" class=\"wpforms-field-medium\" name=\"wpforms[fields][12]\" aria-errormessage=\"wpforms-491-field_12-error\" ><\/div><script>\n\t\t\t\t( function() {\n\t\t\t\t\tconst style = document.createElement( 'style' );\n\t\t\t\t\tstyle.appendChild( document.createTextNode( '#wpforms-491-field_3-container { position: absolute !important; overflow: hidden !important; display: inline !important; height: 1px !important; width: 1px !important; z-index: -1000 !important; padding: 0 !important; } #wpforms-491-field_3-container input { visibility: hidden; } #wpforms-conversational-form-page #wpforms-491-field_3-container label { counter-increment: none; }' ) );\n\t\t\t\t\tdocument.head.appendChild( style );\n\t\t\t\t\tdocument.currentScript?.remove();\n\t\t\t\t} )();\n\t\t\t<\/script><\/div><!-- .wpforms-field-container --><div class=\"wpforms-submit-container\" ><input type=\"hidden\" name=\"wpforms[id]\" value=\"491\"><input type=\"hidden\" name=\"page_title\" value=\"\"><input type=\"hidden\" name=\"page_url\" value=\"https:\/\/mehrzusammen.de\/index.php?rest_route=\/wp\/v2\/pages\/496\"><input type=\"hidden\" name=\"url_referer\" value=\"\"><button type=\"submit\" name=\"wpforms[submit]\" id=\"wpforms-submit-491\" class=\"wpforms-submit\" data-alt-text=\"Wird gesendet\u00a0\u2026\" data-submit-text=\"Absenden\" aria-live=\"assertive\" value=\"wpforms-submit\">Absenden<\/button><img loading=\"lazy\" decoding=\"async\" src=\"https:\/\/mehrzusammen.de\/wp-content\/plugins\/wpforms-lite\/assets\/images\/submit-spin.svg\" class=\"wpforms-submit-spinner\" style=\"display: none;\" width=\"26\" height=\"26\" alt=\"Wird geladen\"><\/div><\/form><\/div>  <!-- .wpforms-container -->\n\n\n\n<p>24. Dezember 2026 ab 14 Uhr: Heiligabend nicht allein &#8211; im Betahaus Hamburg Schanze, Anmeldlink ab Mitte Juli 2026<\/p>\n\n\n\n<figure class=\"wp-block-gallery has-nested-images columns-default is-cropped wp-block-gallery-1 is-layout-flex wp-block-gallery-is-layout-flex\">\n<figure class=\"wp-block-image size-large\"><img loading=\"lazy\" decoding=\"async\" width=\"576\" height=\"1024\" data-id=\"749\" src=\"https:\/\/mehrzusammen.de\/wp-content\/uploads\/2026\/02\/Ostern-nicht-allein-1-576x1024.png\" alt=\"\" class=\"wp-image-749\" srcset=\"https:\/\/mehrzusammen.de\/wp-content\/uploads\/2026\/02\/Ostern-nicht-allein-1-576x1024.png 576w, https:\/\/mehrzusammen.de\/wp-content\/uploads\/2026\/02\/Ostern-nicht-allein-1-169x300.png 169w, https:\/\/mehrzusammen.de\/wp-content\/uploads\/2026\/02\/Ostern-nicht-allein-1-768x1365.png 768w, https:\/\/mehrzusammen.de\/wp-content\/uploads\/2026\/02\/Ostern-nicht-allein-1-864x1536.png 864w, https:\/\/mehrzusammen.de\/wp-content\/uploads\/2026\/02\/Ostern-nicht-allein-1.png 1080w\" sizes=\"auto, (max-width: 576px) 100vw, 576px\" \/><\/figure>\n\n\n\n<figure class=\"wp-block-image size-large\"><img loading=\"lazy\" decoding=\"async\" width=\"724\" height=\"1024\" data-id=\"748\" src=\"https:\/\/mehrzusammen.de\/wp-content\/uploads\/2026\/02\/Bastelnachmittag-23052026-724x1024.png\" alt=\"\" class=\"wp-image-748\" srcset=\"https:\/\/mehrzusammen.de\/wp-content\/uploads\/2026\/02\/Bastelnachmittag-23052026-724x1024.png 724w, https:\/\/mehrzusammen.de\/wp-content\/uploads\/2026\/02\/Bastelnachmittag-23052026-212x300.png 212w, https:\/\/mehrzusammen.de\/wp-content\/uploads\/2026\/02\/Bastelnachmittag-23052026-768x1086.png 768w, https:\/\/mehrzusammen.de\/wp-content\/uploads\/2026\/02\/Bastelnachmittag-23052026-1086x1536.png 1086w, https:\/\/mehrzusammen.de\/wp-content\/uploads\/2026\/02\/Bastelnachmittag-23052026.png 1414w\" sizes=\"auto, (max-width: 724px) 100vw, 724px\" \/><\/figure>\n\n\n\n<figure class=\"wp-block-image size-large\"><img loading=\"lazy\" decoding=\"async\" width=\"1024\" height=\"1024\" data-id=\"750\" src=\"https:\/\/mehrzusammen.de\/wp-content\/uploads\/2026\/02\/Empowerment-Workshop-20062026-1024x1024.png\" alt=\"\" class=\"wp-image-750\" srcset=\"https:\/\/mehrzusammen.de\/wp-content\/uploads\/2026\/02\/Empowerment-Workshop-20062026-1024x1024.png 1024w, https:\/\/mehrzusammen.de\/wp-content\/uploads\/2026\/02\/Empowerment-Workshop-20062026-300x300.png 300w, https:\/\/mehrzusammen.de\/wp-content\/uploads\/2026\/02\/Empowerment-Workshop-20062026-150x150.png 150w, https:\/\/mehrzusammen.de\/wp-content\/uploads\/2026\/02\/Empowerment-Workshop-20062026-768x768.png 768w, https:\/\/mehrzusammen.de\/wp-content\/uploads\/2026\/02\/Empowerment-Workshop-20062026.png 1080w\" sizes=\"auto, (max-width: 1024px) 100vw, 1024px\" \/><\/figure>\n\n\n\n<figure class=\"wp-block-image size-large\"><img loading=\"lazy\" decoding=\"async\" width=\"724\" height=\"1024\" data-id=\"747\" src=\"https:\/\/mehrzusammen.de\/wp-content\/uploads\/2026\/02\/Sommerfest-724x1024.png\" alt=\"\" class=\"wp-image-747\" srcset=\"https:\/\/mehrzusammen.de\/wp-content\/uploads\/2026\/02\/Sommerfest-724x1024.png 724w, https:\/\/mehrzusammen.de\/wp-content\/uploads\/2026\/02\/Sommerfest-212x300.png 212w, https:\/\/mehrzusammen.de\/wp-content\/uploads\/2026\/02\/Sommerfest-768x1086.png 768w, https:\/\/mehrzusammen.de\/wp-content\/uploads\/2026\/02\/Sommerfest-1086x1536.png 1086w, https:\/\/mehrzusammen.de\/wp-content\/uploads\/2026\/02\/Sommerfest.png 1414w\" sizes=\"auto, (max-width: 724px) 100vw, 724px\" \/><\/figure>\n\n\n\n<figure class=\"wp-block-image size-large\"><img loading=\"lazy\" decoding=\"async\" width=\"724\" height=\"1024\" data-id=\"746\" src=\"https:\/\/mehrzusammen.de\/wp-content\/uploads\/2026\/02\/Kleidertausch-15082026-724x1024.png\" alt=\"\" class=\"wp-image-746\" srcset=\"https:\/\/mehrzusammen.de\/wp-content\/uploads\/2026\/02\/Kleidertausch-15082026-724x1024.png 724w, https:\/\/mehrzusammen.de\/wp-content\/uploads\/2026\/02\/Kleidertausch-15082026-212x300.png 212w, https:\/\/mehrzusammen.de\/wp-content\/uploads\/2026\/02\/Kleidertausch-15082026-768x1086.png 768w, https:\/\/mehrzusammen.de\/wp-content\/uploads\/2026\/02\/Kleidertausch-15082026-1086x1536.png 1086w, https:\/\/mehrzusammen.de\/wp-content\/uploads\/2026\/02\/Kleidertausch-15082026-1448x2048.png 1448w, https:\/\/mehrzusammen.de\/wp-content\/uploads\/2026\/02\/Kleidertausch-15082026.png 1587w\" sizes=\"auto, (max-width: 724px) 100vw, 724px\" \/><\/figure>\n\n\n\n<figure class=\"wp-block-image size-large\"><img loading=\"lazy\" decoding=\"async\" width=\"500\" height=\"500\" data-id=\"745\" src=\"https:\/\/mehrzusammen.de\/wp-content\/uploads\/2026\/02\/Impro-Workshop.png\" alt=\"\" class=\"wp-image-745\" srcset=\"https:\/\/mehrzusammen.de\/wp-content\/uploads\/2026\/02\/Impro-Workshop.png 500w, https:\/\/mehrzusammen.de\/wp-content\/uploads\/2026\/02\/Impro-Workshop-300x300.png 300w, https:\/\/mehrzusammen.de\/wp-content\/uploads\/2026\/02\/Impro-Workshop-150x150.png 150w\" sizes=\"auto, (max-width: 500px) 100vw, 500px\" \/><\/figure>\n<\/figure>\n\n\n\n<h2 class=\"wp-block-heading\"><strong>Vergangene Veranstaltungen 2025:<\/strong><\/h2>\n\n\n\n<p>16. M\u00e4rz 2025 \/ 14 &#8211; 18 Uhr: Kreativ &#8211; und Bastelnachmittag f\u00fcr Kinder ab 1 Jahr: Wir basteln und spielen! <\/p>\n\n\n\n<p>19. April 2025 \/ 13 &#8211; 18 Uhr: Ostern nicht allein &#8211; f\u00fcr Alleinstehende und Alleinerziehende: Wir suchen Ostereier und machen eine Osterrallye mit den \u00e4lteren Kids. F\u00fcr die Erwachsenen gibt es Kaffee &amp; Kuchen. <\/p>\n\n\n\n<p>11. Mai 2025 \/ 14 &#8211; 18 Uhr: Empowerment Workshop mit Beate Kraus &#8211; nur f\u00fcr Erwachsene. <\/p>\n\n\n\n<p>13. Juli 2025 \/ 13 &#8211; 18 Uhr: Impro Workshop f\u00fcr Kids ab 5 Jahre. Anmelden bis 1. Juli 2025<\/p>\n\n\n\n<p>31. August 2025 \/ Kleidertausch im Teepavillon<\/p>\n\n\n\n<p>12. September 2025 \/ Empowerment Workshop mit Kirsten Dehmer<\/p>\n\n\n\n<p>11. November 2025 \/ Singles Day im Museum der Illusionen f\u00fcr 20 Alleinstehende<\/p>\n\n\n\n<p>24. Dezember 2025 \/ Heiligabend nicht allein<\/p>\n\n\n\n<p><\/p>\n","protected":false},"excerpt":{"rendered":"<p>Hier findest du eine \u00dcbersicht \u00fcber unsere kommenden Veranstaltungen und die Anmeldem\u00f6glichkeiten. Ihr k\u00f6nnt euch anmelden, erst nach Anmeldebest\u00e4tigung durch Nussin ist eure Teilnahme best\u00e4tigt. Sollten sich mehr Anmeldungen als verf\u00fcgbare Pl\u00e4tze m\u00f6glich sein, losen wir aus. Kommende Veranstaltungen 2026: 05. April 2026: Ostern nicht allein &#8211; Anmelden hier (Anmeldung bis 20. M\u00e4rz 2026 \/&#8230;<\/p>\n","protected":false},"author":1,"featured_media":0,"parent":0,"menu_order":0,"comment_status":"closed","ping_status":"closed","template":"","meta":{"_kadence_starter_templates_imported_post":false,"_kad_post_transparent":"","_kad_post_title":"","_kad_post_layout":"","_kad_post_sidebar_id":"","_kad_post_content_style":"","_kad_post_vertical_padding":"","_kad_post_feature":"","_kad_post_feature_position":"","_kad_post_header":false,"_kad_post_footer":false,"footnotes":""},"class_list":["post-496","page","type-page","status-publish","hentry"],"_links":{"self":[{"href":"https:\/\/mehrzusammen.de\/index.php?rest_route=\/wp\/v2\/pages\/496","targetHints":{"allow":["GET"]}}],"collection":[{"href":"https:\/\/mehrzusammen.de\/index.php?rest_route=\/wp\/v2\/pages"}],"about":[{"href":"https:\/\/mehrzusammen.de\/index.php?rest_route=\/wp\/v2\/types\/page"}],"author":[{"embeddable":true,"href":"https:\/\/mehrzusammen.de\/index.php?rest_route=\/wp\/v2\/users\/1"}],"replies":[{"embeddable":true,"href":"https:\/\/mehrzusammen.de\/index.php?rest_route=%2Fwp%2Fv2%2Fcomments&post=496"}],"version-history":[{"count":13,"href":"https:\/\/mehrzusammen.de\/index.php?rest_route=\/wp\/v2\/pages\/496\/revisions"}],"predecessor-version":[{"id":787,"href":"https:\/\/mehrzusammen.de\/index.php?rest_route=\/wp\/v2\/pages\/496\/revisions\/787"}],"wp:attachment":[{"href":"https:\/\/mehrzusammen.de\/index.php?rest_route=%2Fwp%2Fv2%2Fmedia&parent=496"}],"curies":[{"name":"wp","href":"https:\/\/api.w.org\/{rel}","templated":true}]}}