{"id":2,"date":"2022-06-30T16:30:11","date_gmt":"2022-06-30T14:30:11","guid":{"rendered":"http:\/\/mehrzusammen.de\/\/?page_id=2"},"modified":"2024-12-10T22:54:54","modified_gmt":"2024-12-10T21:54:54","slug":"beispiel-seite","status":"publish","type":"page","link":"https:\/\/mehrzusammen.de\/?page_id=2","title":{"rendered":"Die Entstehung &amp; \u00dcber MEHR ZUSAMMEN"},"content":{"rendered":"\n<h2 class=\"wp-block-heading\">Die Entstehung &#8211; 2017<\/h2>\n\n\n\n<p><strong>2017<\/strong> haben wir zum ersten Mal privat das Fest der Liebe &#8211; Heiligabend nicht allein initiiert. Damals noch mit 15 Alleinstehenden und Alleinerziehenden. Jeder brachte selbst Essen und Getr\u00e4nke mit.<\/p>\n\n\n\n<p>Doch die Veranstaltung wuchs dank Initiatorin Nussin Armbrust. Sie organisierte nicht nur den Raum f\u00fcr die Feierlichkeiten an Heiligabend, sondern k\u00fcmmerte sich auch um das Drumherum: Essen, Getr\u00e4nke, Geschenke f\u00fcr die Kinder. Dies wurde zum Teil aus Privatspenden organisiert. <\/p>\n\n\n\n<figure class=\"wp-block-image size-large is-resized\"><img loading=\"lazy\" decoding=\"async\" width=\"1024\" height=\"938\" src=\"http:\/\/mehrzusammen.de\/wp-content\/uploads\/2023\/10\/Bildschirmfoto-2023-10-31-um-22.19.45-1024x938.png\" alt=\"\" class=\"wp-image-105\" style=\"width:923px;height:844px\" srcset=\"https:\/\/mehrzusammen.de\/wp-content\/uploads\/2023\/10\/Bildschirmfoto-2023-10-31-um-22.19.45-1024x938.png 1024w, https:\/\/mehrzusammen.de\/wp-content\/uploads\/2023\/10\/Bildschirmfoto-2023-10-31-um-22.19.45-300x275.png 300w, https:\/\/mehrzusammen.de\/wp-content\/uploads\/2023\/10\/Bildschirmfoto-2023-10-31-um-22.19.45-768x704.png 768w, https:\/\/mehrzusammen.de\/wp-content\/uploads\/2023\/10\/Bildschirmfoto-2023-10-31-um-22.19.45.png 1384w\" sizes=\"auto, (max-width: 1024px) 100vw, 1024px\" \/><figcaption class=\"wp-element-caption\">Das erste Heiligabend noch recht privat mit 15 Teilnehmenden, darunter viele Alleinerziehende<\/figcaption><\/figure>\n\n\n\n<figure class=\"wp-block-image size-large is-resized\"><img loading=\"lazy\" decoding=\"async\" width=\"1024\" height=\"712\" src=\"http:\/\/mehrzusammen.de\/wp-content\/uploads\/2023\/10\/Bildschirmfoto-2023-10-31-um-22.20.18-1024x712.png\" alt=\"\" class=\"wp-image-106\" style=\"width:920px;height:640px\" srcset=\"https:\/\/mehrzusammen.de\/wp-content\/uploads\/2023\/10\/Bildschirmfoto-2023-10-31-um-22.20.18-1024x712.png 1024w, https:\/\/mehrzusammen.de\/wp-content\/uploads\/2023\/10\/Bildschirmfoto-2023-10-31-um-22.20.18-300x209.png 300w, https:\/\/mehrzusammen.de\/wp-content\/uploads\/2023\/10\/Bildschirmfoto-2023-10-31-um-22.20.18-768x534.png 768w, https:\/\/mehrzusammen.de\/wp-content\/uploads\/2023\/10\/Bildschirmfoto-2023-10-31-um-22.20.18-1536x1068.png 1536w, https:\/\/mehrzusammen.de\/wp-content\/uploads\/2023\/10\/Bildschirmfoto-2023-10-31-um-22.20.18.png 1976w\" sizes=\"auto, (max-width: 1024px) 100vw, 1024px\" \/><figcaption class=\"wp-element-caption\"> Das Essen hat Nussin Armbrust damals selbst gemacht: Salate, Antipasti und Wraps<\/figcaption><\/figure>\n\n\n\n<h2 class=\"wp-block-heading\">2018<\/h2>\n\n\n\n<p>2018 waren es bereits 30 Alleinstehende und Alleinerziehende an Heiligabend, ein Teil des Essens wurde noch zubereitet, aber die ersten Getr\u00e4nkesponsoren kamen und spendeten Wein, Bier und Softdrinks.<\/p>\n\n\n\n<figure class=\"wp-block-image size-large is-resized\"><img loading=\"lazy\" decoding=\"async\" width=\"1024\" height=\"805\" src=\"http:\/\/mehrzusammen.de\/wp-content\/uploads\/2023\/10\/Bildschirmfoto-2023-10-31-um-22.23.41-1024x805.png\" alt=\"\" class=\"wp-image-107\" style=\"width:920px;height:722px\" srcset=\"https:\/\/mehrzusammen.de\/wp-content\/uploads\/2023\/10\/Bildschirmfoto-2023-10-31-um-22.23.41-1024x805.png 1024w, https:\/\/mehrzusammen.de\/wp-content\/uploads\/2023\/10\/Bildschirmfoto-2023-10-31-um-22.23.41-300x236.png 300w, https:\/\/mehrzusammen.de\/wp-content\/uploads\/2023\/10\/Bildschirmfoto-2023-10-31-um-22.23.41-768x604.png 768w, https:\/\/mehrzusammen.de\/wp-content\/uploads\/2023\/10\/Bildschirmfoto-2023-10-31-um-22.23.41.png 1392w\" sizes=\"auto, (max-width: 1024px) 100vw, 1024px\" \/><figcaption class=\"wp-element-caption\">Die ersten Teilnehmenden (in der Mitte: Nussin Armbrust)<\/figcaption><\/figure>\n\n\n\n<figure class=\"wp-block-image size-large is-resized\"><img loading=\"lazy\" decoding=\"async\" width=\"801\" height=\"1024\" src=\"http:\/\/mehrzusammen.de\/wp-content\/uploads\/2023\/10\/Bildschirmfoto-2023-10-31-um-22.23.32-801x1024.png\" alt=\"\" class=\"wp-image-108\" style=\"width:920px;height:1176px\" srcset=\"https:\/\/mehrzusammen.de\/wp-content\/uploads\/2023\/10\/Bildschirmfoto-2023-10-31-um-22.23.32-801x1024.png 801w, https:\/\/mehrzusammen.de\/wp-content\/uploads\/2023\/10\/Bildschirmfoto-2023-10-31-um-22.23.32-235x300.png 235w, https:\/\/mehrzusammen.de\/wp-content\/uploads\/2023\/10\/Bildschirmfoto-2023-10-31-um-22.23.32-768x982.png 768w, https:\/\/mehrzusammen.de\/wp-content\/uploads\/2023\/10\/Bildschirmfoto-2023-10-31-um-22.23.32.png 1020w\" sizes=\"auto, (max-width: 801px) 100vw, 801px\" \/><figcaption class=\"wp-element-caption\">2018 machte K\u00fcchenchef Mario Regensburg aus dem Hotel Reichshof die Vorspeisen <\/figcaption><\/figure>\n\n\n\n<figure class=\"wp-block-image size-large is-resized\"><img loading=\"lazy\" decoding=\"async\" width=\"746\" height=\"1024\" src=\"http:\/\/mehrzusammen.de\/wp-content\/uploads\/2023\/10\/Bildschirmfoto-2023-10-31-um-22.26.49-746x1024.png\" alt=\"\" class=\"wp-image-109\" style=\"width:920px;height:1263px\" srcset=\"https:\/\/mehrzusammen.de\/wp-content\/uploads\/2023\/10\/Bildschirmfoto-2023-10-31-um-22.26.49-746x1024.png 746w, https:\/\/mehrzusammen.de\/wp-content\/uploads\/2023\/10\/Bildschirmfoto-2023-10-31-um-22.26.49-219x300.png 219w, https:\/\/mehrzusammen.de\/wp-content\/uploads\/2023\/10\/Bildschirmfoto-2023-10-31-um-22.26.49-768x1054.png 768w, https:\/\/mehrzusammen.de\/wp-content\/uploads\/2023\/10\/Bildschirmfoto-2023-10-31-um-22.26.49.png 1094w\" sizes=\"auto, (max-width: 746px) 100vw, 746px\" \/><figcaption class=\"wp-element-caption\">Einer der ersten Zeitungsberichte in &#8222;BILD DER FRAU&#8220; von Erika Kr\u00fcger<\/figcaption><\/figure>\n\n\n\n<h2 class=\"wp-block-heading\">2019 <\/h2>\n\n\n\n<p>war das gr\u00f6\u00dfte Fest &#8211; hier hatten wir die meisten Alleinstehenden und Alleinerziehenden, mehrere mediale Berichterstattungen und Sponsor*innen, die nicht nur Essen &amp; Getr\u00e4nke spendeten, sondern auch monet\u00e4r unterst\u00fctzten, so dass alle Kinder Geschenke in einem Wert von 20 Euro bekommen konnten.<\/p>\n\n\n\n<figure class=\"wp-block-image size-large is-resized\"><img loading=\"lazy\" decoding=\"async\" width=\"1024\" height=\"683\" src=\"http:\/\/mehrzusammen.de\/wp-content\/uploads\/2023\/10\/IMG_0916-1024x683.jpg\" alt=\"\" class=\"wp-image-110\" style=\"width:922px;height:614px\" srcset=\"https:\/\/mehrzusammen.de\/wp-content\/uploads\/2023\/10\/IMG_0916-1024x683.jpg 1024w, https:\/\/mehrzusammen.de\/wp-content\/uploads\/2023\/10\/IMG_0916-300x200.jpg 300w, https:\/\/mehrzusammen.de\/wp-content\/uploads\/2023\/10\/IMG_0916-768x512.jpg 768w, https:\/\/mehrzusammen.de\/wp-content\/uploads\/2023\/10\/IMG_0916-1536x1024.jpg 1536w, https:\/\/mehrzusammen.de\/wp-content\/uploads\/2023\/10\/IMG_0916-2048x1365.jpg 2048w\" sizes=\"auto, (max-width: 1024px) 100vw, 1024px\" \/><figcaption class=\"wp-element-caption\">2019 waren runde Tische aufgebaut und ein richtiges Buffet bestellt<\/figcaption><\/figure>\n\n\n\n<figure class=\"wp-block-image size-large is-resized\"><img loading=\"lazy\" decoding=\"async\" width=\"683\" height=\"1024\" src=\"http:\/\/mehrzusammen.de\/wp-content\/uploads\/2023\/10\/IMG_0925-683x1024.jpg\" alt=\"\" class=\"wp-image-111\" style=\"width:920px;height:1379px\" srcset=\"https:\/\/mehrzusammen.de\/wp-content\/uploads\/2023\/10\/IMG_0925-683x1024.jpg 683w, https:\/\/mehrzusammen.de\/wp-content\/uploads\/2023\/10\/IMG_0925-200x300.jpg 200w, https:\/\/mehrzusammen.de\/wp-content\/uploads\/2023\/10\/IMG_0925-768x1152.jpg 768w, https:\/\/mehrzusammen.de\/wp-content\/uploads\/2023\/10\/IMG_0925-1024x1536.jpg 1024w, https:\/\/mehrzusammen.de\/wp-content\/uploads\/2023\/10\/IMG_0925-1365x2048.jpg 1365w, https:\/\/mehrzusammen.de\/wp-content\/uploads\/2023\/10\/IMG_0925-scaled.jpg 1707w\" sizes=\"auto, (max-width: 683px) 100vw, 683px\" \/><figcaption class=\"wp-element-caption\">Johnny Wuff und Nino sind seit 2017 dabei  &#8211; leider ist Johnny Wuff schon verstorben<\/figcaption><\/figure>\n\n\n\n<figure class=\"wp-block-image size-large is-resized\"><img loading=\"lazy\" decoding=\"async\" width=\"1024\" height=\"683\" src=\"http:\/\/mehrzusammen.de\/wp-content\/uploads\/2023\/10\/image00171-1024x683.jpeg\" alt=\"\" class=\"wp-image-112\" style=\"width:920px;height:612px\" srcset=\"https:\/\/mehrzusammen.de\/wp-content\/uploads\/2023\/10\/image00171-1024x683.jpeg 1024w, https:\/\/mehrzusammen.de\/wp-content\/uploads\/2023\/10\/image00171-300x200.jpeg 300w, https:\/\/mehrzusammen.de\/wp-content\/uploads\/2023\/10\/image00171-768x512.jpeg 768w, https:\/\/mehrzusammen.de\/wp-content\/uploads\/2023\/10\/image00171-1536x1024.jpeg 1536w, https:\/\/mehrzusammen.de\/wp-content\/uploads\/2023\/10\/image00171-2048x1365.jpeg 2048w\" sizes=\"auto, (max-width: 1024px) 100vw, 1024px\" \/><figcaption class=\"wp-element-caption\">In 2019 haben wir auch viele Sachspenden erhalten und auf einem gro\u00dfen Tisch ausgebreitet und eine Tombola gemacht!<\/figcaption><\/figure>\n\n\n\n<figure class=\"wp-block-image size-large is-resized\"><img loading=\"lazy\" decoding=\"async\" width=\"1024\" height=\"683\" src=\"http:\/\/mehrzusammen.de\/wp-content\/uploads\/2023\/10\/Moia-1024x683.jpeg\" alt=\"\" class=\"wp-image-113\" style=\"width:921px;height:614px\" srcset=\"https:\/\/mehrzusammen.de\/wp-content\/uploads\/2023\/10\/Moia-1024x683.jpeg 1024w, https:\/\/mehrzusammen.de\/wp-content\/uploads\/2023\/10\/Moia-300x200.jpeg 300w, https:\/\/mehrzusammen.de\/wp-content\/uploads\/2023\/10\/Moia-768x512.jpeg 768w, https:\/\/mehrzusammen.de\/wp-content\/uploads\/2023\/10\/Moia-1536x1024.jpeg 1536w, https:\/\/mehrzusammen.de\/wp-content\/uploads\/2023\/10\/Moia-2048x1365.jpeg 2048w\" sizes=\"auto, (max-width: 1024px) 100vw, 1024px\" \/><figcaption class=\"wp-element-caption\">MOIA spendete 2019 nicht nur den Weihnachtsmann, sondern lie\u00df ihn auch in einem MOIA mit der Nr. 24 vorfahren<\/figcaption><\/figure>\n\n\n\n<h2 class=\"wp-block-heading\">2020 und 2021 <\/h2>\n\n\n\n<p>fand das Fest der Liebe pandemiebedingt nicht statt. Doch wir haben P\u00e4ckchen gepackt und p\u00fcnktlich an Heiligabend erhielten Alleinstehende und Alleinerziehende liebe Post nach Hause.<\/p>\n\n\n\n<figure class=\"wp-block-image size-large is-resized\"><img loading=\"lazy\" decoding=\"async\" width=\"768\" height=\"1024\" src=\"http:\/\/mehrzusammen.de\/wp-content\/uploads\/2023\/10\/Pa\u0308ckchen-gepackt-768x1024.jpg\" alt=\"\" class=\"wp-image-114\" style=\"width:920px;height:1227px\" srcset=\"https:\/\/mehrzusammen.de\/wp-content\/uploads\/2023\/10\/Pa\u0308ckchen-gepackt-768x1024.jpg 768w, https:\/\/mehrzusammen.de\/wp-content\/uploads\/2023\/10\/Pa\u0308ckchen-gepackt-225x300.jpg 225w, https:\/\/mehrzusammen.de\/wp-content\/uploads\/2023\/10\/Pa\u0308ckchen-gepackt-1152x1536.jpg 1152w, https:\/\/mehrzusammen.de\/wp-content\/uploads\/2023\/10\/Pa\u0308ckchen-gepackt-1536x2048.jpg 1536w, https:\/\/mehrzusammen.de\/wp-content\/uploads\/2023\/10\/Pa\u0308ckchen-gepackt-scaled.jpg 1920w\" sizes=\"auto, (max-width: 768px) 100vw, 768px\" \/><figcaption class=\"wp-element-caption\">Ganz viele P\u00e4ckchen wurden gepackt<\/figcaption><\/figure>\n\n\n\n<figure class=\"wp-block-image size-large is-resized\"><img loading=\"lazy\" decoding=\"async\" width=\"768\" height=\"1024\" src=\"http:\/\/mehrzusammen.de\/wp-content\/uploads\/2023\/10\/Samantha-und-Kids-768x1024.jpg\" alt=\"\" class=\"wp-image-115\" style=\"width:922px;height:1229px\" srcset=\"https:\/\/mehrzusammen.de\/wp-content\/uploads\/2023\/10\/Samantha-und-Kids-768x1024.jpg 768w, https:\/\/mehrzusammen.de\/wp-content\/uploads\/2023\/10\/Samantha-und-Kids-225x300.jpg 225w, https:\/\/mehrzusammen.de\/wp-content\/uploads\/2023\/10\/Samantha-und-Kids-1152x1536.jpg 1152w, https:\/\/mehrzusammen.de\/wp-content\/uploads\/2023\/10\/Samantha-und-Kids-1536x2048.jpg 1536w, https:\/\/mehrzusammen.de\/wp-content\/uploads\/2023\/10\/Samantha-und-Kids-scaled.jpg 1920w\" sizes=\"auto, (max-width: 768px) 100vw, 768px\" \/><figcaption class=\"wp-element-caption\">Samantha und ihre Kids haben P\u00e4ckchen abgeholt an der Neustadtbude am Grossneumarkt<\/figcaption><\/figure>\n\n\n\n<h2 class=\"wp-block-heading\">2022<\/h2>\n\n\n\n<p>Bereits im Jahr 2022 haben Hamburger Firmen das Projekt unterst\u00fctzt. So spendete MOIA einen Weihnachtsmann, Fa. Lischke Consulting einen Tannenbaum, Motel One Fleetinsel stelle den Raum, Hotel Reichshof die Vorspeise, NEO Catering das Essen, NiceCream das Eis, Somersby spendete Somersby, fritzkola spendete Softdrinks, Ratsherrn spendete Bier, Mack &amp; Sch\u00fchle den Welcome Drink und viel Spender*innen erm\u00f6glichten, dass Kindern Geschenke im Wert von 25 Euro gekauft werden konnten. Es kamen 2022 \u00fcber 150 Teilnehmer*innen, darunter 67 Kinder, die ihre individuellen Geschenkew\u00fcnsche erf\u00fcllt bekamen.<\/p>\n\n\n\n<figure class=\"wp-block-image size-large is-resized\"><img loading=\"lazy\" decoding=\"async\" width=\"1024\" height=\"683\" src=\"http:\/\/mehrzusammen.de\/wp-content\/uploads\/2023\/10\/IMG_6031-1-1024x683.jpg\" alt=\"\" class=\"wp-image-116\" style=\"width:921px;height:614px\" srcset=\"https:\/\/mehrzusammen.de\/wp-content\/uploads\/2023\/10\/IMG_6031-1-1024x683.jpg 1024w, https:\/\/mehrzusammen.de\/wp-content\/uploads\/2023\/10\/IMG_6031-1-300x200.jpg 300w, https:\/\/mehrzusammen.de\/wp-content\/uploads\/2023\/10\/IMG_6031-1-768x512.jpg 768w, https:\/\/mehrzusammen.de\/wp-content\/uploads\/2023\/10\/IMG_6031-1.jpg 1080w\" sizes=\"auto, (max-width: 1024px) 100vw, 1024px\" \/><figcaption class=\"wp-element-caption\">2022 &#8211; das erste Fest nach der Pandemie! Willkommen viele Alleinstehende und Alleinerziehende &#8211; und sogar Hunde!<\/figcaption><\/figure>\n\n\n\n<figure class=\"wp-block-image size-large is-resized\"><img loading=\"lazy\" decoding=\"async\" width=\"1024\" height=\"683\" src=\"http:\/\/mehrzusammen.de\/wp-content\/uploads\/2023\/10\/IMG_6303-1024x683.jpg\" alt=\"\" class=\"wp-image-117\" style=\"width:921px;height:613px\" srcset=\"https:\/\/mehrzusammen.de\/wp-content\/uploads\/2023\/10\/IMG_6303-1024x683.jpg 1024w, https:\/\/mehrzusammen.de\/wp-content\/uploads\/2023\/10\/IMG_6303-300x200.jpg 300w, https:\/\/mehrzusammen.de\/wp-content\/uploads\/2023\/10\/IMG_6303-768x512.jpg 768w, https:\/\/mehrzusammen.de\/wp-content\/uploads\/2023\/10\/IMG_6303.jpg 1080w\" sizes=\"auto, (max-width: 1024px) 100vw, 1024px\" \/><figcaption class=\"wp-element-caption\">Bescherung auf der Terrasse des Motel One Fleetinsel<\/figcaption><\/figure>\n\n\n\n<figure class=\"wp-block-image size-large is-resized\"><img loading=\"lazy\" decoding=\"async\" width=\"1024\" height=\"683\" src=\"http:\/\/mehrzusammen.de\/wp-content\/uploads\/2023\/10\/IMG_6357-2-1024x683.jpg\" alt=\"\" class=\"wp-image-118\" style=\"width:923px;height:614px\" srcset=\"https:\/\/mehrzusammen.de\/wp-content\/uploads\/2023\/10\/IMG_6357-2-1024x683.jpg 1024w, https:\/\/mehrzusammen.de\/wp-content\/uploads\/2023\/10\/IMG_6357-2-300x200.jpg 300w, https:\/\/mehrzusammen.de\/wp-content\/uploads\/2023\/10\/IMG_6357-2-768x512.jpg 768w, https:\/\/mehrzusammen.de\/wp-content\/uploads\/2023\/10\/IMG_6357-2.jpg 1080w\" sizes=\"auto, (max-width: 1024px) 100vw, 1024px\" \/><figcaption class=\"wp-element-caption\">Gl\u00fccklich an Heiligabend<\/figcaption><\/figure>\n\n\n\n<figure class=\"wp-block-image size-large is-resized\"><img loading=\"lazy\" decoding=\"async\" width=\"1024\" height=\"683\" src=\"http:\/\/mehrzusammen.de\/wp-content\/uploads\/2023\/10\/IMG_6464-1-1024x683.jpg\" alt=\"\" class=\"wp-image-119\" style=\"width:920px;height:612px\" srcset=\"https:\/\/mehrzusammen.de\/wp-content\/uploads\/2023\/10\/IMG_6464-1-1024x683.jpg 1024w, https:\/\/mehrzusammen.de\/wp-content\/uploads\/2023\/10\/IMG_6464-1-300x200.jpg 300w, https:\/\/mehrzusammen.de\/wp-content\/uploads\/2023\/10\/IMG_6464-1-768x512.jpg 768w, https:\/\/mehrzusammen.de\/wp-content\/uploads\/2023\/10\/IMG_6464-1.jpg 1080w\" sizes=\"auto, (max-width: 1024px) 100vw, 1024px\" \/><figcaption class=\"wp-element-caption\">Goodie Bags f\u00fcr alle Teilnehmenden<\/figcaption><\/figure>\n\n\n\n<h2 class=\"wp-block-heading\">2023<\/h2>\n\n\n\n<p>Auch 2023 wird das Fest der Liebe &#8211; Heiligabend stattfinden. Diesmal unter der Leitung von Mehr Zusammen. F\u00fcr die Aktion an Heiligabend suchen wir noch Unternehmen, die sich finanziell am Heiligabend beteiligen m\u00f6chten. Die Geldspenden sind f\u00fcr Catering, Geschenke, R\u00e4umlichkeiten, Getr\u00e4nke und Programm. Email an: nussin@mehrzusammen.de<\/p>\n\n\n\n<p>Zudem gibt es eine \u00f6ffentliche Spendenaktion auf Betterplace hier.<\/p>\n\n\n\n<h2 class=\"wp-block-heading\">2024<\/h2>\n\n\n\n<p>In 2024 haben wir nicht nur Ostern nicht allein zum ersten Mal gefeiert mit Alleinstehenden und Alleinerziehenden, sondern auch Empowerment Workshops, Bastelnachmittage, Kinder-Konzertbesuche und Kreativworkshops gemacht. Nat\u00fcrlich auch in 2024 wieder Heiligabend nicht allein, diesmal mit einer kleinen Rekordzahl von 84 Kids und 122 Erwachsenen.<\/p>\n\n\n\n<h2 class=\"wp-block-heading\">WER wir sind:<\/h2>\n\n\n\n<p>Nussin Armbrust &#8211; Ideengeberin und Gr\u00fcnderin<\/p>\n\n\n\n<p>Alex Schmitz &#8211; Helfer und Supporter seit der ersten Stunde<\/p>\n\n\n\n<figure class=\"wp-block-image size-large\"><img loading=\"lazy\" decoding=\"async\" width=\"1024\" height=\"683\" src=\"http:\/\/mehrzusammen.de\/wp-content\/uploads\/2024\/12\/MG_3528-1-1024x683.jpg\" alt=\"\" class=\"wp-image-406\" srcset=\"https:\/\/mehrzusammen.de\/wp-content\/uploads\/2024\/12\/MG_3528-1-1024x683.jpg 1024w, https:\/\/mehrzusammen.de\/wp-content\/uploads\/2024\/12\/MG_3528-1-300x200.jpg 300w, https:\/\/mehrzusammen.de\/wp-content\/uploads\/2024\/12\/MG_3528-1-768x512.jpg 768w, https:\/\/mehrzusammen.de\/wp-content\/uploads\/2024\/12\/MG_3528-1-1536x1024.jpg 1536w, https:\/\/mehrzusammen.de\/wp-content\/uploads\/2024\/12\/MG_3528-1-2048x1365.jpg 2048w\" sizes=\"auto, (max-width: 1024px) 100vw, 1024px\" \/><\/figure>\n\n\n\n<p><\/p>\n","protected":false},"excerpt":{"rendered":"<p>Die Entstehung &#8211; 2017 2017 haben wir zum ersten Mal privat das Fest der Liebe &#8211; Heiligabend nicht allein initiiert. Damals noch mit 15 Alleinstehenden und Alleinerziehenden. Jeder brachte selbst Essen und Getr\u00e4nke mit. Doch die Veranstaltung wuchs dank Initiatorin Nussin Armbrust. Sie organisierte nicht nur den Raum f\u00fcr die Feierlichkeiten an Heiligabend, sondern k\u00fcmmerte&#8230;<\/p>\n","protected":false},"author":1,"featured_media":0,"parent":0,"menu_order":0,"comment_status":"closed","ping_status":"open","template":"","meta":{"_kadence_starter_templates_imported_post":false,"_kad_post_transparent":"","_kad_post_title":"","_kad_post_layout":"","_kad_post_sidebar_id":"","_kad_post_content_style":"","_kad_post_vertical_padding":"","_kad_post_feature":"","_kad_post_feature_position":"","_kad_post_header":false,"_kad_post_footer":false,"footnotes":""},"class_list":["post-2","page","type-page","status-publish","hentry"],"_links":{"self":[{"href":"https:\/\/mehrzusammen.de\/index.php?rest_route=\/wp\/v2\/pages\/2","targetHints":{"allow":["GET"]}}],"collection":[{"href":"https:\/\/mehrzusammen.de\/index.php?rest_route=\/wp\/v2\/pages"}],"about":[{"href":"https:\/\/mehrzusammen.de\/index.php?rest_route=\/wp\/v2\/types\/page"}],"author":[{"embeddable":true,"href":"https:\/\/mehrzusammen.de\/index.php?rest_route=\/wp\/v2\/users\/1"}],"replies":[{"embeddable":true,"href":"https:\/\/mehrzusammen.de\/index.php?rest_route=%2Fwp%2Fv2%2Fcomments&post=2"}],"version-history":[{"count":6,"href":"https:\/\/mehrzusammen.de\/index.php?rest_route=\/wp\/v2\/pages\/2\/revisions"}],"predecessor-version":[{"id":415,"href":"https:\/\/mehrzusammen.de\/index.php?rest_route=\/wp\/v2\/pages\/2\/revisions\/415"}],"wp:attachment":[{"href":"https:\/\/mehrzusammen.de\/index.php?rest_route=%2Fwp%2Fv2%2Fmedia&parent=2"}],"curies":[{"name":"wp","href":"https:\/\/api.w.org\/{rel}","templated":true}]}}