{"id":144,"date":"2023-11-17T14:47:56","date_gmt":"2023-11-17T13:47:56","guid":{"rendered":"http:\/\/mehrzusammen.de\/?page_id=144"},"modified":"2026-02-11T11:24:17","modified_gmt":"2026-02-11T10:24:17","slug":"anmeldung","status":"publish","type":"page","link":"https:\/\/mehrzusammen.de\/?page_id=144","title":{"rendered":"ANMELDUNG OSTERN 2026"},"content":{"rendered":"\n<p>Hier kannst du dich f\u00fcr OSTERN NICHT ALLEIN 2026 anmelden!<\/p>\n\n\n\n<p>Wir feiern am Ostersonntag, 05. April 2026 zum dritten Mal &#8222;Ostern nicht allein&#8220; &#8211; f\u00fcr die kleineren Kinder gibt es eine Ostereiersuche, f\u00fcr die gr\u00f6\u00dferen Kinder eine Rallye. Nat\u00fcrlich gibt es auch wieder unseren beliebten Baste- und Maltisch.<\/p>\n\n\n\n<p><strong>Auch Alleinstehende ohne Kind k\u00f6nnen Ostern dabei sein und sich \u00fcber das Formular anmelden.<\/strong><\/p>\n\n\n\n<p>Anmeldungen nur \u00fcber das Formular und nur bis 20.03.2026\/ 23:59 Uhr!<\/p>\n\n\n\n<p>F\u00fcr Ostern wird es diesmal ein anderes Teilnahmeverfahren geben. D.h. ihr k\u00f6nnt euch bis zum 20.03.2026\/ 23:59 Uhr \u00fcber das Formular anmelden und wir verlosen die begrenzten Pl\u00e4tze in einem fairen Losverfahren. Es ist somit egal, wann ihr euch anmeldet (Hauptsache bis 20.03.2026), weil wir ALLE Anmeldungen sammeln und dann in einen Lostopf werfen. Wir haben nur eine begrenzte Kapazit\u00e4t und m\u00fcssen daher in Sachen Anmeldung neue Wege gehen. Wer dann an Ostern dabei ist, erh\u00e4lt rechtzeitig am 21. M\u00e4rz 2026 von uns eine pers\u00f6nliche Nachricht. Alle anderen werden wir auf eine Warteliste setzen und nachr\u00fccken lassen, sobald jemand von den best\u00e4tigen Personen absagt.<\/p>\n\n\n\n<p>Programm am 05. April 2026:<\/p>\n\n\n\n<p>14 Uhr Beginn<\/p>\n\n\n\n<p>15:30 Uhr Ostereiersuchen bzw. im Anschluss Rallye f\u00fcr die \u00e4lteren Kids<\/p>\n\n\n\n<p>Kids bekommen Osterk\u00f6rbchen als Geschenk!<\/p>\n\n\n\n<p>19 Uhr Ende der Veranstaltung<\/p>\n\n\n\n<p>Es gibt Kaffee \/ Tee &amp; Softdrinks sowie Kuchen den ganzen Nachmittag<\/p>\n\n\n\n<p>Anmelden hier:<\/p>\n\n\n<style id=\"wpforms-css-vars-725\">\n\t\t\t\t#wpforms-725 {\n\t\t\t\t--wpforms-container-padding: 0px;\n--wpforms-container-border-width: 1px;\n--wpforms-container-border-radius: 3px;\n--wpforms-background-color: rgba(0, 0, 0, 0);\n--wpforms-field-size-input-height: 43px;\n--wpforms-field-size-input-spacing: 15px;\n--wpforms-field-size-font-size: 16px;\n--wpforms-field-size-line-height: 19px;\n--wpforms-field-size-padding-h: 14px;\n--wpforms-field-size-checkbox-size: 16px;\n--wpforms-field-size-sublabel-spacing: 5px;\n--wpforms-field-size-icon-size: 1;\n--wpforms-label-size-font-size: 16px;\n--wpforms-label-size-line-height: 19px;\n--wpforms-label-size-sublabel-font-size: 14px;\n--wpforms-label-size-sublabel-line-height: 17px;\n--wpforms-button-size-font-size: 17px;\n--wpforms-button-size-height: 41px;\n--wpforms-button-size-padding-h: 15px;\n--wpforms-button-size-margin-top: 10px;\n--wpforms-container-shadow-size-box-shadow: none;\n\t\t\t}\n\t\t\t<\/style><div class=\"wpforms-container wpforms-container-full wpforms-render-modern\" id=\"wpforms-725\"><form id=\"wpforms-form-725\" class=\"wpforms-validate wpforms-form wpforms-ajax-form\" data-formid=\"725\" method=\"post\" enctype=\"multipart\/form-data\" action=\"\/index.php?rest_route=%2Fwp%2Fv2%2Fpages%2F144\" data-token=\"4f98db3532e5231f2f854a5cf552752b\" data-token-time=\"1777035078\"><noscript class=\"wpforms-error-noscript\">Bitte aktiviere JavaScript in deinem Browser, um dieses Formular fertigzustellen.<\/noscript><div id=\"wpforms-error-noscript\" style=\"display: none;\">Bitte aktiviere JavaScript in deinem Browser, um dieses Formular fertigzustellen.<\/div><div class=\"wpforms-field-container\"><div id=\"wpforms-725-field_1-container\" class=\"wpforms-field wpforms-field-name\" data-field-id=\"1\"><fieldset><legend class=\"wpforms-field-label\">Name <span class=\"wpforms-required-label\" aria-hidden=\"true\">*<\/span><\/legend><div class=\"wpforms-field-row wpforms-field-medium\"><div class=\"wpforms-field-row-block wpforms-first wpforms-one-half\"><input type=\"text\" id=\"wpforms-725-field_1\" class=\"wpforms-field-name-first wpforms-field-required\" name=\"wpforms[fields][1][first]\" aria-errormessage=\"wpforms-725-field_1-error\" required><label for=\"wpforms-725-field_1\" class=\"wpforms-field-sublabel after\">Vorname<\/label><\/div><div class=\"wpforms-field-row-block wpforms-one-half\"><input type=\"text\" id=\"wpforms-725-field_1-last\" class=\"wpforms-field-name-last wpforms-field-required\" name=\"wpforms[fields][1][last]\" aria-errormessage=\"wpforms-725-field_1-last-error\" required><label for=\"wpforms-725-field_1-last\" class=\"wpforms-field-sublabel after\">Nachname<\/label><\/div><\/div><\/fieldset><\/div><div id=\"wpforms-725-field_5-container\" class=\"wpforms-field wpforms-field-number\" data-field-id=\"5\"><label class=\"wpforms-field-label\" for=\"wpforms-725-field_5\">Telefonnummer <span class=\"wpforms-required-label\" aria-hidden=\"true\">*<\/span><\/label><input type=\"number\" id=\"wpforms-725-field_5\" class=\"wpforms-field-medium wpforms-field-required\" name=\"wpforms[fields][5]\" step=\"any\" aria-errormessage=\"wpforms-725-field_5-error\" required><\/div><div id=\"wpforms-725-field_2-container\" class=\"wpforms-field wpforms-field-email\" data-field-id=\"2\"><label class=\"wpforms-field-label\" for=\"wpforms-725-field_2\">E-Mail-Adresse <span class=\"wpforms-required-label\" aria-hidden=\"true\">*<\/span><\/label><input type=\"email\" id=\"wpforms-725-field_2\" class=\"wpforms-field-medium wpforms-field-required\" name=\"wpforms[fields][2]\" spellcheck=\"false\" aria-errormessage=\"wpforms-725-field_2-error\" required><\/div><div id=\"wpforms-725-field_7-container\" class=\"wpforms-field wpforms-field-radio\" data-field-id=\"7\"><fieldset><legend class=\"wpforms-field-label\">Ich komme allein<\/legend><ul id=\"wpforms-725-field_7\"><li class=\"choice-1 depth-1\"><input type=\"radio\" id=\"wpforms-725-field_7_1\" name=\"wpforms[fields][7]\" value=\"Ich komme mit Kindern\" aria-errormessage=\"wpforms-725-field_7_1-error\"  ><label class=\"wpforms-field-label-inline\" for=\"wpforms-725-field_7_1\">Ich komme mit Kindern<\/label><\/li><li class=\"choice-2 depth-1\"><input type=\"radio\" id=\"wpforms-725-field_7_2\" name=\"wpforms[fields][7]\" value=\"Ich komme mit Hund\" aria-errormessage=\"wpforms-725-field_7_2-error\"  ><label class=\"wpforms-field-label-inline\" for=\"wpforms-725-field_7_2\">Ich komme mit Hund<\/label><\/li><\/ul><\/fieldset><\/div>\t\t<div id=\"wpforms-725-field_4-container\"\n\t\t\tclass=\"wpforms-field wpforms-field-text\"\n\t\t\tdata-field-type=\"text\"\n\t\t\tdata-field-id=\"4\"\n\t\t\t>\n\t\t\t<label class=\"wpforms-field-label\" for=\"wpforms-725-field_4\" >Ich Namen &amp;<\/label>\n\t\t\t<input type=\"text\" id=\"wpforms-725-field_4\" class=\"wpforms-field-medium\" name=\"wpforms[fields][4]\" >\n\t\t<\/div>\n\t\t<div id=\"wpforms-725-field_3-container\" class=\"wpforms-field wpforms-field-textarea\" data-field-id=\"3\"><label class=\"wpforms-field-label\" for=\"wpforms-725-field_3\">Namen &amp; Alter der Kinder<\/label><textarea id=\"wpforms-725-field_3\" class=\"wpforms-field-medium\" name=\"wpforms[fields][3]\" aria-errormessage=\"wpforms-725-field_3-error\" ><\/textarea><\/div><script>\n\t\t\t\t( function() {\n\t\t\t\t\tconst style = document.createElement( 'style' );\n\t\t\t\t\tstyle.appendChild( document.createTextNode( '#wpforms-725-field_4-container { position: absolute !important; overflow: hidden !important; display: inline !important; height: 1px !important; width: 1px !important; z-index: -1000 !important; padding: 0 !important; } #wpforms-725-field_4-container input { visibility: hidden; } #wpforms-conversational-form-page #wpforms-725-field_4-container label { counter-increment: none; }' ) );\n\t\t\t\t\tdocument.head.appendChild( style );\n\t\t\t\t\tdocument.currentScript?.remove();\n\t\t\t\t} )();\n\t\t\t<\/script><\/div><!-- .wpforms-field-container --><div class=\"wpforms-submit-container\" ><input type=\"hidden\" name=\"wpforms[id]\" value=\"725\"><input type=\"hidden\" name=\"page_title\" value=\"\"><input type=\"hidden\" name=\"page_url\" value=\"https:\/\/mehrzusammen.de\/index.php?rest_route=\/wp\/v2\/pages\/144\"><input type=\"hidden\" name=\"url_referer\" value=\"\"><button type=\"submit\" name=\"wpforms[submit]\" id=\"wpforms-submit-725\" class=\"wpforms-submit\" data-alt-text=\"Wird gesendet\u00a0\u2026\" data-submit-text=\"Absenden\" aria-live=\"assertive\" value=\"wpforms-submit\">Absenden<\/button><img loading=\"lazy\" decoding=\"async\" src=\"https:\/\/mehrzusammen.de\/wp-content\/plugins\/wpforms-lite\/assets\/images\/submit-spin.svg\" class=\"wpforms-submit-spinner\" style=\"display: none;\" width=\"26\" height=\"26\" alt=\"Wird geladen\"><\/div><\/form><\/div>  <!-- .wpforms-container -->\n\n\n\n<figure class=\"wp-block-gallery has-nested-images columns-default is-cropped wp-block-gallery-1 is-layout-flex wp-block-gallery-is-layout-flex\">\n<figure class=\"wp-block-image size-large\"><img loading=\"lazy\" decoding=\"async\" width=\"576\" height=\"1024\" data-id=\"737\" src=\"https:\/\/mehrzusammen.de\/wp-content\/uploads\/2026\/02\/Ostern-nicht-allein-576x1024.png\" alt=\"\" class=\"wp-image-737\" srcset=\"https:\/\/mehrzusammen.de\/wp-content\/uploads\/2026\/02\/Ostern-nicht-allein-576x1024.png 576w, https:\/\/mehrzusammen.de\/wp-content\/uploads\/2026\/02\/Ostern-nicht-allein-169x300.png 169w, https:\/\/mehrzusammen.de\/wp-content\/uploads\/2026\/02\/Ostern-nicht-allein-768x1365.png 768w, https:\/\/mehrzusammen.de\/wp-content\/uploads\/2026\/02\/Ostern-nicht-allein-864x1536.png 864w, https:\/\/mehrzusammen.de\/wp-content\/uploads\/2026\/02\/Ostern-nicht-allein.png 1080w\" sizes=\"auto, (max-width: 576px) 100vw, 576px\" \/><\/figure>\n<\/figure>\n\n\n\n<p><\/p>\n","protected":false},"excerpt":{"rendered":"<p>Hier kannst du dich f\u00fcr OSTERN NICHT ALLEIN 2026 anmelden! Wir feiern am Ostersonntag, 05. April 2026 zum dritten Mal &#8222;Ostern nicht allein&#8220; &#8211; f\u00fcr die kleineren Kinder gibt es eine Ostereiersuche, f\u00fcr die gr\u00f6\u00dferen Kinder eine Rallye. Nat\u00fcrlich gibt es auch wieder unseren beliebten Baste- und Maltisch. Auch Alleinstehende ohne Kind k\u00f6nnen Ostern dabei&#8230;<\/p>\n","protected":false},"author":1,"featured_media":0,"parent":0,"menu_order":0,"comment_status":"closed","ping_status":"closed","template":"","meta":{"_kadence_starter_templates_imported_post":false,"_kad_post_transparent":"","_kad_post_title":"","_kad_post_layout":"","_kad_post_sidebar_id":"","_kad_post_content_style":"","_kad_post_vertical_padding":"","_kad_post_feature":"","_kad_post_feature_position":"","_kad_post_header":false,"_kad_post_footer":false,"footnotes":""},"class_list":["post-144","page","type-page","status-publish","hentry"],"_links":{"self":[{"href":"https:\/\/mehrzusammen.de\/index.php?rest_route=\/wp\/v2\/pages\/144","targetHints":{"allow":["GET"]}}],"collection":[{"href":"https:\/\/mehrzusammen.de\/index.php?rest_route=\/wp\/v2\/pages"}],"about":[{"href":"https:\/\/mehrzusammen.de\/index.php?rest_route=\/wp\/v2\/types\/page"}],"author":[{"embeddable":true,"href":"https:\/\/mehrzusammen.de\/index.php?rest_route=\/wp\/v2\/users\/1"}],"replies":[{"embeddable":true,"href":"https:\/\/mehrzusammen.de\/index.php?rest_route=%2Fwp%2Fv2%2Fcomments&post=144"}],"version-history":[{"count":17,"href":"https:\/\/mehrzusammen.de\/index.php?rest_route=\/wp\/v2\/pages\/144\/revisions"}],"predecessor-version":[{"id":739,"href":"https:\/\/mehrzusammen.de\/index.php?rest_route=\/wp\/v2\/pages\/144\/revisions\/739"}],"wp:attachment":[{"href":"https:\/\/mehrzusammen.de\/index.php?rest_route=%2Fwp%2Fv2%2Fmedia&parent=144"}],"curies":[{"name":"wp","href":"https:\/\/api.w.org\/{rel}","templated":true}]}}